{"id":7042,"date":"2022-10-26T23:12:32","date_gmt":"2022-10-26T21:12:32","guid":{"rendered":"https:\/\/bhg-for-children.eight-id.com\/?page_id=7042"},"modified":"2022-10-27T19:55:02","modified_gmt":"2022-10-27T17:55:02","slug":"association","status":"publish","type":"page","link":"https:\/\/www.bhg-for-children.com\/en\/association\/","title":{"rendered":"Association"},"content":{"rendered":"<section class=\"wpb-content-wrapper\"><div class=\"vc_row wpb_row vc_row-fluid\"><div class=\"wpb_column vc_column_container vc_col-sm-12\"><div class=\"vc_column-inner\"><div class=\"wpb_wrapper\">\n\t<div class=\"wpb_text_column wpb_content_element  association-title-black\" >\n\t\t<div class=\"wpb_wrapper\">\n\t\t\t<p><a href=\"https:\/\/tousunispourlenfance.ch\/\" target=\"_blank\" rel=\"noopener\">tous unis pour<\/a><\/p>\n\n\t\t<\/div>\n\t<\/div>\n\n\t<div class=\"wpb_text_column wpb_content_element  association-title-color\" >\n\t\t<div class=\"wpb_wrapper\">\n\t\t\t<p style=\"text-align: center;\"><a href=\"https:\/\/tousunispourlenfance.ch\/\" target=\"_blank\" rel=\"noopener\">l&#8217;enfance<\/a><\/p>\n\n\t\t<\/div>\n\t<\/div>\n<\/div><\/div><\/div><\/div><div class=\"vc_row wpb_row vc_row-fluid text-margin vc_custom_1666882656807\"><div class=\"wpb_column vc_column_container vc_col-sm-12\"><div class=\"vc_column-inner\"><div class=\"wpb_wrapper\">\n\t<div class=\"wpb_text_column wpb_content_element\" >\n\t\t<div class=\"wpb_wrapper\">\n\t\t\t<p><a href=\"https:\/\/tousunispourlenfance.ch\/\" target=\"_blank\" rel=\"noopener\">\u00ab\u00a0<strong>tous unis pour l\u2019enfance<\/strong>\u00a0\u00bb (TUPE)<\/a> soutient, promeut et f\u00e9d\u00e8re toutes les associations d\u2019aide \u00e0 l\u2019enfance actives en Suisse romande, quels que soit leur domaine d\u2019activit\u00e9.<br \/>\nTUPE se veut \u00eatre une plateforme ouverte ou se rencontre et se facilite les mises en relation entre enfants, familles et associations.<br \/>\nElle fonctionne comme un Hub et permettra de mettre en lumi\u00e8re non seulement les structures associatives connues mais surtout celles qui \u0153uvrent dans l\u2019ombre. Elle correspond exactement \u00e0 ce que je cherchais car elle va permettre d\u2019aider localement l\u2019ensemble du r\u00e9seau associatif li\u00e9 \u00e0 l\u2019enfance.<\/p>\n\n\t\t<\/div>\n\t<\/div>\n<\/div><\/div><\/div><\/div><div class=\"vc_row wpb_row vc_row-fluid text-margin vc_custom_1666884061352 vc_row-o-equal-height vc_row-flex\"><div class=\"wpb_column vc_column_container vc_col-sm-6\"><div class=\"vc_column-inner vc_custom_1666883869506\"><div class=\"wpb_wrapper\"><div class=\"vc_row wpb_row vc_inner vc_row-fluid vc_custom_1666883612272\"><div class=\"wpb_column vc_column_container vc_col-sm-6\"><div class=\"vc_column-inner\"><div class=\"wpb_wrapper\">\n\t<div class=\"wpb_text_column wpb_content_element  after-text\" >\n\t\t<div class=\"wpb_wrapper\">\n\t\t\t<p><em>\u00abIl est de notre responsabilit\u00e9 collective de favoriser le d\u00e9veloppement harmonieux des enfants car ils sont l\u2019avenir de notre soci\u00e9t\u00e9. Or, m\u00eame dans notre pays<\/em><\/p>\n\n\t\t<\/div>\n\t<\/div>\n<\/div><\/div><\/div><div class=\"wpb_column vc_column_container vc_col-sm-6\"><div class=\"vc_column-inner\"><div class=\"wpb_wrapper\">\n\t<div  class=\"wpb_single_image wpb_content_element vc_align_center\">\n\t\t\n\t\t<figure class=\"wpb_wrapper vc_figure\">\n\t\t\t<div class=\"vc_single_image-wrapper   vc_box_border_grey\"><img loading=\"lazy\" decoding=\"async\" width=\"142\" height=\"142\" src=\"https:\/\/www.bhg-for-children.com\/wp-content\/uploads\/2022\/10\/Antonio.png\" class=\"vc_single_image-img attachment-thumbnail\" alt=\"\" title=\"Antonio\" srcset=\"https:\/\/www.bhg-for-children.com\/wp-content\/uploads\/2022\/10\/Antonio.png 142w, https:\/\/www.bhg-for-children.com\/wp-content\/uploads\/2022\/10\/Antonio-12x12.png 12w, https:\/\/www.bhg-for-children.com\/wp-content\/uploads\/2022\/10\/Antonio-110x110.png 110w, https:\/\/www.bhg-for-children.com\/wp-content\/uploads\/2022\/10\/Antonio-70x70.png 70w\" sizes=\"auto, (max-width: 142px) 100vw, 142px\" \/><\/div>\n\t\t<\/figure>\n\t<\/div>\n<\/div><\/div><\/div><\/div><div class=\"vc_row wpb_row vc_inner vc_row-fluid vc_custom_1666883911393\"><div class=\"wpb_column vc_column_container vc_col-sm-12\"><div class=\"vc_column-inner vc_custom_1666883895795\"><div class=\"wpb_wrapper\">\n\t<div class=\"wpb_text_column wpb_content_element\" >\n\t\t<div class=\"wpb_wrapper\">\n\t\t\t<p><em>ais\u00e9 et bien organis\u00e9, les enfants ne naissent pas tous \u00e9gaux sur le plan social ou \u00e9conomique mais aussi face \u00e0 la maladie ou au handicap. Les enfants sont les plus d\u00e9munis et fragiles pour affronter les difficult\u00e9s de la vie, et leur d\u00e9tresse n\u2019est pas toujours visible ou audible\u00bb<\/em>, me t\u00e9moigne Antonio Di Florio, Pr\u00e9sident du mouvement.<\/p>\n<p>&nbsp;<\/p>\n\n\t\t<\/div>\n\t<\/div>\n\n\t<div class=\"wpb_text_column wpb_content_element\" >\n\t\t<div class=\"wpb_wrapper\">\n\t\t\t<p>\u00ab<strong>\u00a0tous unis pour l\u2019enfance<\/strong>\u00a0\u00bb se structure autour de trois piliers prioritaires:<\/p>\n\n\t\t<\/div>\n\t<\/div>\n<\/div><\/div><\/div><\/div><\/div><\/div><\/div><div class=\"wpb_column vc_column_container vc_col-sm-6\"><div class=\"vc_column-inner\"><div class=\"wpb_wrapper\">\n\t<div class=\"wpb_text_column wpb_content_element\" >\n\t\t<div class=\"wpb_wrapper\">\n\t\t\t<p>C\u2019est pourquoi le travail des innombrables acteurs solidaires qui agissent dans l\u2019ombre pour les aider est si pr\u00e9cieux.<br \/>\nCes b\u00e9n\u00e9voles, collectifs ou associations permettent d\u2019apporter r\u00e9confort et soutien \u00e0 une tranche de la population qui est parfois d\u00e9laiss\u00e9e. \u00c0 quelques exceptions pr\u00e8s, leurs activit\u00e9s sont souvent m\u00e9connues du grand public. L\u2019objectif est de les mettre en lumi\u00e8re.<\/p>\n\n\t\t<\/div>\n\t<\/div>\n\n\t<div  class=\"wpb_single_image wpb_content_element vc_align_center\">\n\t\t\n\t\t<figure class=\"wpb_wrapper vc_figure\">\n\t\t\t<div class=\"vc_single_image-wrapper   vc_box_border_grey\"><img loading=\"lazy\" decoding=\"async\" width=\"256\" height=\"278\" src=\"https:\/\/www.bhg-for-children.com\/wp-content\/uploads\/2022\/10\/LOGO_TUPE.png\" class=\"vc_single_image-img attachment-full\" alt=\"\" title=\"LOGO_TUPE\" srcset=\"https:\/\/www.bhg-for-children.com\/wp-content\/uploads\/2022\/10\/LOGO_TUPE.png 256w, https:\/\/www.bhg-for-children.com\/wp-content\/uploads\/2022\/10\/LOGO_TUPE-11x12.png 11w\" sizes=\"auto, (max-width: 256px) 100vw, 256px\" \/><\/div>\n\t\t<\/figure>\n\t<\/div>\n<\/div><\/div><\/div><\/div><div class=\"vc_row wpb_row vc_row-fluid vc_column-gap-30\"><div class=\"wpb_column vc_column_container vc_col-sm-4\"><div class=\"vc_column-inner\"><div class=\"wpb_wrapper\">\n\t<div class=\"wpb_text_column wpb_content_element  text-with-after\" >\n\t\t<div class=\"wpb_wrapper\">\n\t\t\t<p>Un seul parti, l\u2019enfant<\/p>\n\n\t\t<\/div>\n\t<\/div>\n\n\t<div class=\"wpb_text_column wpb_content_element\" >\n\t\t<div class=\"wpb_wrapper\">\n\t\t\t<p>La vocation de \u00abtous unis pour l\u2019enfance\u00bb est d\u2019\u00eatre une plateforme de promotion et d\u2019orientation au service des familles.<br \/>\nElle vise \u00e0 les guider \u00e0 travers le vaste univers associatif romand afin qu\u2019elles puissent trouver rapidement l\u2019aide dont elles ont besoin.<\/p>\n\n\t\t<\/div>\n\t<\/div>\n<\/div><\/div><\/div><div class=\"wpb_column vc_column_container vc_col-sm-4\"><div class=\"vc_column-inner\"><div class=\"wpb_wrapper\">\n\t<div class=\"wpb_text_column wpb_content_element  text-with-after\" >\n\t\t<div class=\"wpb_wrapper\">\n\t\t\t<p>Une dimension f\u00e9d\u00e9rative<\/p>\n\n\t\t<\/div>\n\t<\/div>\n\n\t<div class=\"wpb_text_column wpb_content_element\" >\n\t\t<div class=\"wpb_wrapper\">\n\t\t\t<p>Les associations \u0153uvrant pour le bien-\u00eatre de l\u2019enfant sont nombreuses en Suisse romande, mais cet univers est fragment\u00e9. \u00abtous unis pour l\u2019enfance\u00bb a pour ambition de f\u00e9d\u00e9rer cet environnement, de promouvoir les structures actives localement, peu importe leur taille, et de sensibiliser la population \u00e0 l\u2019existence de ce soutien.<\/p>\n\n\t\t<\/div>\n\t<\/div>\n<\/div><\/div><\/div><div class=\"wpb_column vc_column_container vc_col-sm-4\"><div class=\"vc_column-inner\"><div class=\"wpb_wrapper\">\n\t<div class=\"wpb_text_column wpb_content_element  text-with-after\" >\n\t\t<div class=\"wpb_wrapper\">\n\t\t\t<p>Une action de proximit\u00e9<\/p>\n\n\t\t<\/div>\n\t<\/div>\n\n\t<div class=\"wpb_text_column wpb_content_element\" >\n\t\t<div class=\"wpb_wrapper\">\n\t\t\t<p>Cr\u00e9er un r\u00e9seau fort et uni autour de th\u00e9matiques li\u00e9es \u00e0 l\u2019enfance par le biais de la plateforme Tous unis pour l\u2019enfance permettra de d\u00e9multiplier les forces d\u2019intervention des diff\u00e9rentes associations.<\/p>\n\n\t\t<\/div>\n\t<\/div>\n<\/div><\/div><\/div><\/div><div class=\"vc_row wpb_row vc_row-fluid\"><div class=\"wpb_column vc_column_container vc_col-sm-12\"><div class=\"vc_column-inner\"><div class=\"wpb_wrapper\">\n\t<div class=\"wpb_text_column wpb_content_element  vc_custom_1666884336333\" >\n\t\t<div class=\"wpb_wrapper\">\n\t\t\t<p>Ce mouvement a pu voir le jour gr\u00e2ce au soutien de la Soci\u00e9t\u00e9 Genevoise d\u2019Utilit\u00e9 Publique (SGUP) &#8211; dont l\u2019action de pr\u00e8s de 200 ans au service du bien commun n\u2019est plus \u00e0 pr\u00e9senter (voir site internet:<a href=\"https:\/\/www.sgup.ch\"> www.sgup.ch<\/a>), \u00e0 laquelle la plateforme est rattach\u00e9e, ainsi qu\u2019\u00e0 l\u2019engagement b\u00e9n\u00e9vole et \u00e0 la pluridisciplinarit\u00e9 de son comit\u00e9.<\/p>\n\n\t\t<\/div>\n\t<\/div>\n\n\t<div  class=\"wpb_single_image wpb_content_element vc_align_center\">\n\t\t\n\t\t<figure class=\"wpb_wrapper vc_figure\">\n\t\t\t<div class=\"vc_single_image-wrapper   vc_box_border_grey\"><img loading=\"lazy\" decoding=\"async\" width=\"95\" height=\"102\" src=\"https:\/\/www.bhg-for-children.com\/wp-content\/uploads\/2022\/10\/TUPE_Green-Hands.png\" class=\"vc_single_image-img attachment-full\" alt=\"\" title=\"TUPE_Green Hands\" srcset=\"https:\/\/www.bhg-for-children.com\/wp-content\/uploads\/2022\/10\/TUPE_Green-Hands.png 95w, https:\/\/www.bhg-for-children.com\/wp-content\/uploads\/2022\/10\/TUPE_Green-Hands-11x12.png 11w\" sizes=\"auto, (max-width: 95px) 100vw, 95px\" \/><\/div>\n\t\t<\/figure>\n\t<\/div>\n<\/div><\/div><\/div><\/div>\n<\/section>","protected":false},"excerpt":{"rendered":"tous unis pour l'enfance \u00ab\u00a0tous unis pour l\u2019enfance\u00a0\u00bb (TUPE) soutient, promeut et f\u00e9d\u00e8re toutes les associations d\u2019aide \u00e0 l\u2019enfance actives en Suisse romande, quels que soit leur domaine d\u2019activit\u00e9. TUPE se veut \u00eatre une plateforme ouverte ou se rencontre et se facilite les mises en relation entre enfants, familles et associations. Elle fonctionne comme un [...]","protected":false},"author":1,"featured_media":7070,"parent":0,"menu_order":0,"comment_status":"closed","ping_status":"closed","template":"templates\/template-association.php","meta":{"inline_featured_image":false,"footnotes":""},"class_list":["post-7042","page","type-page","status-publish","has-post-thumbnail","hentry"],"yoast_head":"<!-- This site is optimized with the Yoast SEO plugin v19.12 - https:\/\/yoast.com\/wordpress\/plugins\/seo\/ -->\n<title>Association - BHG For Children Auction<\/title>\n<meta name=\"robots\" content=\"index, follow, max-snippet:-1, max-image-preview:large, max-video-preview:-1\" \/>\n<link rel=\"canonical\" href=\"https:\/\/www.bhg-for-children.com\/en\/association\/\" \/>\n<meta property=\"og:locale\" content=\"en_GB\" \/>\n<meta property=\"og:type\" content=\"article\" \/>\n<meta property=\"og:title\" content=\"Association - BHG For Children Auction\" \/>\n<meta property=\"og:url\" content=\"https:\/\/www.bhg-for-children.com\/en\/association\/\" \/>\n<meta property=\"og:site_name\" content=\"BHG For Children Auction\" \/>\n<meta property=\"article:modified_time\" content=\"2022-10-27T17:55:02+00:00\" \/>\n<meta property=\"og:image\" content=\"https:\/\/www.bhg-for-children.com\/wp-content\/uploads\/2022\/10\/Groupe-173.png\" \/>\n\t<meta property=\"og:image:width\" content=\"1400\" \/>\n\t<meta property=\"og:image:height\" content=\"275\" \/>\n\t<meta property=\"og:image:type\" content=\"image\/png\" \/>\n<meta name=\"twitter:card\" content=\"summary_large_image\" \/>\n<meta name=\"twitter:label1\" content=\"Estimated reading time\" \/>\n\t<meta name=\"twitter:data1\" content=\"3 minutes\" \/>\n<script type=\"application\/ld+json\" class=\"yoast-schema-graph\">{\"@context\":\"https:\/\/schema.org\",\"@graph\":[{\"@type\":\"WebPage\",\"@id\":\"https:\/\/www.bhg-for-children.com\/association\/\",\"url\":\"https:\/\/www.bhg-for-children.com\/association\/\",\"name\":\"Association - BHG For Children Auction\",\"isPartOf\":{\"@id\":\"https:\/\/www.bhg-for-children.com\/#website\"},\"datePublished\":\"2022-10-26T21:12:32+00:00\",\"dateModified\":\"2022-10-27T17:55:02+00:00\",\"breadcrumb\":{\"@id\":\"https:\/\/www.bhg-for-children.com\/association\/#breadcrumb\"},\"inLanguage\":\"en-GB\",\"potentialAction\":[{\"@type\":\"ReadAction\",\"target\":[\"https:\/\/www.bhg-for-children.com\/association\/\"]}]},{\"@type\":\"BreadcrumbList\",\"@id\":\"https:\/\/www.bhg-for-children.com\/association\/#breadcrumb\",\"itemListElement\":[{\"@type\":\"ListItem\",\"position\":1,\"name\":\"Accueil\",\"item\":\"https:\/\/www.bhg-for-children.com\/\"},{\"@type\":\"ListItem\",\"position\":2,\"name\":\"Association\"}]},{\"@type\":\"WebSite\",\"@id\":\"https:\/\/www.bhg-for-children.com\/#website\",\"url\":\"https:\/\/www.bhg-for-children.com\/\",\"name\":\"BHG For Children Auction\",\"description\":\"Auction for children&#039;s rights\",\"potentialAction\":[{\"@type\":\"SearchAction\",\"target\":{\"@type\":\"EntryPoint\",\"urlTemplate\":\"https:\/\/www.bhg-for-children.com\/?s={search_term_string}\"},\"query-input\":\"required name=search_term_string\"}],\"inLanguage\":\"en-GB\"}]}<\/script>\n<!-- \/ Yoast SEO plugin. -->","yoast_head_json":{"title":"Association - BHG For Children Auction","robots":{"index":"index","follow":"follow","max-snippet":"max-snippet:-1","max-image-preview":"max-image-preview:large","max-video-preview":"max-video-preview:-1"},"canonical":"https:\/\/www.bhg-for-children.com\/en\/association\/","og_locale":"en_GB","og_type":"article","og_title":"Association - BHG For Children Auction","og_url":"https:\/\/www.bhg-for-children.com\/en\/association\/","og_site_name":"BHG For Children Auction","article_modified_time":"2022-10-27T17:55:02+00:00","og_image":[{"width":1400,"height":275,"url":"https:\/\/www.bhg-for-children.com\/wp-content\/uploads\/2022\/10\/Groupe-173.png","type":"image\/png"}],"twitter_card":"summary_large_image","twitter_misc":{"Estimated reading time":"3 minutes"},"schema":{"@context":"https:\/\/schema.org","@graph":[{"@type":"WebPage","@id":"https:\/\/www.bhg-for-children.com\/association\/","url":"https:\/\/www.bhg-for-children.com\/association\/","name":"Association - BHG For Children Auction","isPartOf":{"@id":"https:\/\/www.bhg-for-children.com\/#website"},"datePublished":"2022-10-26T21:12:32+00:00","dateModified":"2022-10-27T17:55:02+00:00","breadcrumb":{"@id":"https:\/\/www.bhg-for-children.com\/association\/#breadcrumb"},"inLanguage":"en-GB","potentialAction":[{"@type":"ReadAction","target":["https:\/\/www.bhg-for-children.com\/association\/"]}]},{"@type":"BreadcrumbList","@id":"https:\/\/www.bhg-for-children.com\/association\/#breadcrumb","itemListElement":[{"@type":"ListItem","position":1,"name":"Accueil","item":"https:\/\/www.bhg-for-children.com\/"},{"@type":"ListItem","position":2,"name":"Association"}]},{"@type":"WebSite","@id":"https:\/\/www.bhg-for-children.com\/#website","url":"https:\/\/www.bhg-for-children.com\/","name":"BHG For Children Auction","description":"Auction for children&#039;s rights","potentialAction":[{"@type":"SearchAction","target":{"@type":"EntryPoint","urlTemplate":"https:\/\/www.bhg-for-children.com\/?s={search_term_string}"},"query-input":"required name=search_term_string"}],"inLanguage":"en-GB"}]}},"_links":{"self":[{"href":"https:\/\/www.bhg-for-children.com\/en\/wp-json\/wp\/v2\/pages\/7042","targetHints":{"allow":["GET"]}}],"collection":[{"href":"https:\/\/www.bhg-for-children.com\/en\/wp-json\/wp\/v2\/pages"}],"about":[{"href":"https:\/\/www.bhg-for-children.com\/en\/wp-json\/wp\/v2\/types\/page"}],"author":[{"embeddable":true,"href":"https:\/\/www.bhg-for-children.com\/en\/wp-json\/wp\/v2\/users\/1"}],"replies":[{"embeddable":true,"href":"https:\/\/www.bhg-for-children.com\/en\/wp-json\/wp\/v2\/comments?post=7042"}],"version-history":[{"count":26,"href":"https:\/\/www.bhg-for-children.com\/en\/wp-json\/wp\/v2\/pages\/7042\/revisions"}],"predecessor-version":[{"id":7212,"href":"https:\/\/www.bhg-for-children.com\/en\/wp-json\/wp\/v2\/pages\/7042\/revisions\/7212"}],"wp:featuredmedia":[{"embeddable":true,"href":"https:\/\/www.bhg-for-children.com\/en\/wp-json\/wp\/v2\/media\/7070"}],"wp:attachment":[{"href":"https:\/\/www.bhg-for-children.com\/en\/wp-json\/wp\/v2\/media?parent=7042"}],"curies":[{"name":"wp","href":"https:\/\/api.w.org\/{rel}","templated":true}]}}