{"id":6984,"date":"2022-10-26T20:15:46","date_gmt":"2022-10-26T18:15:46","guid":{"rendered":"https:\/\/bhg-for-children.eight-id.com\/?page_id=6984"},"modified":"2022-10-26T20:15:48","modified_gmt":"2022-10-26T18:15:48","slug":"mentions-legales-2","status":"publish","type":"page","link":"https:\/\/www.bhg-for-children.com\/en\/mentions-legales-2\/","title":{"rendered":"Mentions L\u00e9gales"},"content":{"rendered":"<p class=\"has-black-color has-text-color\">Mentions L\u00e9gales du site : www.bhg-for-children.com<\/p>\n\n\n\n<p><strong>ARTICLE 1.\u00a0<\/strong> &#8211; Information L\u00e9gales<\/p>\n\n\n\n<p><strong>A.<\/strong> Editeur du site<\/p>\n\n\n\n<p>Famille Grobet<\/p>\n\n\n\n<p>r\u00e9sidant au<\/p>\n\n\n\n<p>12, Chemin Fran\u00e7ois Rossiaud<\/p>\n\n\n\n<p>1247 Ani\u00e8res &#8211; Suisse<\/p>\n\n\n\n<p><br>\u00a0<strong>B.<\/strong> H\u00e9bergeur du site<\/p>\n\n\n\n<p>Le site BHG-for Children est h\u00e9berg\u00e9 par:<\/p>\n\n\n\n<p>Infomaniak Network SAdont le si\u00e8ge est situ\u00e9 \u00e0 l\u2019adresse suivante : Rue Eug\u00e8ne Marziano 25 \u2013 1227 Les Acacias (Gen\u00e8ve) \u2013 SuisseT\u00e9l\u00e9phone:\u00a0<a href=\"tel:+41228203555\">+41 22 820 35 55<\/a>Adresse e-mail :\u00a0<a href=\"mailto:contact@informaniak.com\">contact@informaniak.com<\/a>ci-apr\u00e8s\u00a0\u00a0\u00abl\u2019H\u00e9bergeur\u00bb<\/p>\n\n\n\n<p><\/p>\n\n\n\n<p><strong>C.<\/strong> Utilisateurs<\/p>\n\n\n\n<p>Sont consid\u00e9r\u00e9s comme utilisateurs tous les internautes qui naviguent, lisent, visionnent et utilisent le site BHG-for-Children.ci-apr\u00e8s les \u00abUtilisateurs\u00bb<\/p>\n\n\n\n<p><\/p>\n\n\n\n<p><strong>ARTICLE 2 <\/strong>&#8211; Accessibilit\u00e9<\/p>\n\n\n\n<p>Le Site est par principe accessible aux Utilisateurs 24\/24h et 7\/7j, sauf interruption, programm\u00e9e ou non, pour des besoins de maintenance ou en cas de force majeure.<\/p>\n\n\n\n<p>En cas d\u2019impossibilit\u00e9 d\u2019acc\u00e8s au Site, celui-ci s\u2019engage \u00e0 faire son maximum afin d\u2019en r\u00e9tablir l\u2019acc\u00e8s. Le Site ne saurait \u00eatre tenu pour responsable de tout dommage, quelle qu\u2019en soit la nature, r\u00e9sultant de son indisponibilit\u00e9.<\/p>\n\n\n\n<p>\u00a0<br><strong>ARTICLE 3<\/strong> &#8211; Loi applicable et Juridiction<\/p>\n\n\n\n<p>Les pr\u00e9sentes Mentions L\u00e9gales sont r\u00e9gies par la loi Suisse. En cas de litige, le for exclusif est \u00e0 Gen\u00e8ve aupr\u00e8s des Tribunaux ordinaires qui appliqueront le droit suisse,notamment les articles 394 et suivants CO.<\/p>\n\n\n\n<p><br>\u00a0<br><strong>ARTICLE 4<\/strong> &#8211; Contact<\/p>\n\n\n\n<p>Pour tout signalement de contenus ou d\u2019activit\u00e9s illicites, l\u2019Utilisateur peut contacter l\u2019\u00c9diteur \u00e0 l\u2019adresse suivante :\u00a0<a href=\"mailto:contact@BHG-for-Children.com\">contact@BHG-for-Children.com<\/a>, ou par courrier recommand\u00e9 avec accus\u00e9 de r\u00e9ception adress\u00e9 \u00e0 l\u2019\u00c9diteur aux coordonn\u00e9es pr\u00e9cis\u00e9es dans les pr\u00e9sentes mentions l\u00e9gales.<\/p>\n\n\n\n<p><\/p>\n\n\n\n<p><\/p>","protected":false},"excerpt":{"rendered":"<p>Mentions L\u00e9gales du site : www.bhg-for-children.com ARTICLE 1.\u00a0 &#8211; Information L\u00e9gales A. Editeur du site Famille Grobet r\u00e9sidant au 12, Chemin Fran\u00e7ois Rossiaud 1247 Ani\u00e8res &#8211; Suisse \u00a0B. H\u00e9bergeur du site Le site BHG-for Children est h\u00e9berg\u00e9 par: Infomaniak Network SAdont le si\u00e8ge est situ\u00e9 \u00e0 l\u2019adresse suivante : Rue Eug\u00e8ne Marziano 25 \u2013 1227 [&hellip;]<\/p>","protected":false},"author":1,"featured_media":0,"parent":0,"menu_order":0,"comment_status":"closed","ping_status":"closed","template":"","meta":{"inline_featured_image":false,"footnotes":""},"class_list":["post-6984","page","type-page","status-publish","hentry"],"yoast_head":"<!-- This site is optimized with the Yoast SEO plugin v19.12 - https:\/\/yoast.com\/wordpress\/plugins\/seo\/ -->\n<title>Mentions L\u00e9gales - BHG For Children Auction<\/title>\n<meta name=\"robots\" content=\"index, follow, max-snippet:-1, max-image-preview:large, max-video-preview:-1\" \/>\n<link rel=\"canonical\" href=\"https:\/\/www.bhg-for-children.com\/en\/mentions-legales-2\/\" \/>\n<meta property=\"og:locale\" content=\"en_GB\" \/>\n<meta property=\"og:type\" content=\"article\" \/>\n<meta property=\"og:title\" content=\"Mentions L\u00e9gales - BHG For Children Auction\" \/>\n<meta property=\"og:description\" content=\"Mentions L\u00e9gales du site : www.bhg-for-children.com ARTICLE 1.\u00a0 &#8211; Information L\u00e9gales A. Editeur du site Famille Grobet r\u00e9sidant au 12, Chemin Fran\u00e7ois Rossiaud 1247 Ani\u00e8res &#8211; Suisse \u00a0B. H\u00e9bergeur du site Le site BHG-for Children est h\u00e9berg\u00e9 par: Infomaniak Network SAdont le si\u00e8ge est situ\u00e9 \u00e0 l\u2019adresse suivante : Rue Eug\u00e8ne Marziano 25 \u2013 1227 [&hellip;]\" \/>\n<meta property=\"og:url\" content=\"https:\/\/www.bhg-for-children.com\/en\/mentions-legales-2\/\" \/>\n<meta property=\"og:site_name\" content=\"BHG For Children Auction\" \/>\n<meta property=\"article:modified_time\" content=\"2022-10-26T18:15:48+00:00\" \/>\n<meta name=\"twitter:card\" content=\"summary_large_image\" \/>\n<meta name=\"twitter:label1\" content=\"Estimated reading time\" \/>\n\t<meta name=\"twitter:data1\" content=\"1 minute\" \/>\n<script type=\"application\/ld+json\" class=\"yoast-schema-graph\">{\"@context\":\"https:\/\/schema.org\",\"@graph\":[{\"@type\":\"WebPage\",\"@id\":\"https:\/\/www.bhg-for-children.com\/mentions-legales-2\/\",\"url\":\"https:\/\/www.bhg-for-children.com\/mentions-legales-2\/\",\"name\":\"Mentions L\u00e9gales - BHG For Children Auction\",\"isPartOf\":{\"@id\":\"https:\/\/www.bhg-for-children.com\/#website\"},\"datePublished\":\"2022-10-26T18:15:46+00:00\",\"dateModified\":\"2022-10-26T18:15:48+00:00\",\"breadcrumb\":{\"@id\":\"https:\/\/www.bhg-for-children.com\/mentions-legales-2\/#breadcrumb\"},\"inLanguage\":\"en-GB\",\"potentialAction\":[{\"@type\":\"ReadAction\",\"target\":[\"https:\/\/www.bhg-for-children.com\/mentions-legales-2\/\"]}]},{\"@type\":\"BreadcrumbList\",\"@id\":\"https:\/\/www.bhg-for-children.com\/mentions-legales-2\/#breadcrumb\",\"itemListElement\":[{\"@type\":\"ListItem\",\"position\":1,\"name\":\"Accueil\",\"item\":\"https:\/\/www.bhg-for-children.com\/\"},{\"@type\":\"ListItem\",\"position\":2,\"name\":\"Mentions L\u00e9gales\"}]},{\"@type\":\"WebSite\",\"@id\":\"https:\/\/www.bhg-for-children.com\/#website\",\"url\":\"https:\/\/www.bhg-for-children.com\/\",\"name\":\"BHG For Children Auction\",\"description\":\"Auction for children&#039;s rights\",\"potentialAction\":[{\"@type\":\"SearchAction\",\"target\":{\"@type\":\"EntryPoint\",\"urlTemplate\":\"https:\/\/www.bhg-for-children.com\/?s={search_term_string}\"},\"query-input\":\"required name=search_term_string\"}],\"inLanguage\":\"en-GB\"}]}<\/script>\n<!-- \/ Yoast SEO plugin. -->","yoast_head_json":{"title":"Mentions L\u00e9gales - BHG For Children Auction","robots":{"index":"index","follow":"follow","max-snippet":"max-snippet:-1","max-image-preview":"max-image-preview:large","max-video-preview":"max-video-preview:-1"},"canonical":"https:\/\/www.bhg-for-children.com\/en\/mentions-legales-2\/","og_locale":"en_GB","og_type":"article","og_title":"Mentions L\u00e9gales - BHG For Children Auction","og_description":"Mentions L\u00e9gales du site : www.bhg-for-children.com ARTICLE 1.\u00a0 &#8211; Information L\u00e9gales A. Editeur du site Famille Grobet r\u00e9sidant au 12, Chemin Fran\u00e7ois Rossiaud 1247 Ani\u00e8res &#8211; Suisse \u00a0B. H\u00e9bergeur du site Le site BHG-for Children est h\u00e9berg\u00e9 par: Infomaniak Network SAdont le si\u00e8ge est situ\u00e9 \u00e0 l\u2019adresse suivante : Rue Eug\u00e8ne Marziano 25 \u2013 1227 [&hellip;]","og_url":"https:\/\/www.bhg-for-children.com\/en\/mentions-legales-2\/","og_site_name":"BHG For Children Auction","article_modified_time":"2022-10-26T18:15:48+00:00","twitter_card":"summary_large_image","twitter_misc":{"Estimated reading time":"1 minute"},"schema":{"@context":"https:\/\/schema.org","@graph":[{"@type":"WebPage","@id":"https:\/\/www.bhg-for-children.com\/mentions-legales-2\/","url":"https:\/\/www.bhg-for-children.com\/mentions-legales-2\/","name":"Mentions L\u00e9gales - BHG For Children Auction","isPartOf":{"@id":"https:\/\/www.bhg-for-children.com\/#website"},"datePublished":"2022-10-26T18:15:46+00:00","dateModified":"2022-10-26T18:15:48+00:00","breadcrumb":{"@id":"https:\/\/www.bhg-for-children.com\/mentions-legales-2\/#breadcrumb"},"inLanguage":"en-GB","potentialAction":[{"@type":"ReadAction","target":["https:\/\/www.bhg-for-children.com\/mentions-legales-2\/"]}]},{"@type":"BreadcrumbList","@id":"https:\/\/www.bhg-for-children.com\/mentions-legales-2\/#breadcrumb","itemListElement":[{"@type":"ListItem","position":1,"name":"Accueil","item":"https:\/\/www.bhg-for-children.com\/"},{"@type":"ListItem","position":2,"name":"Mentions L\u00e9gales"}]},{"@type":"WebSite","@id":"https:\/\/www.bhg-for-children.com\/#website","url":"https:\/\/www.bhg-for-children.com\/","name":"BHG For Children Auction","description":"Auction for children&#039;s rights","potentialAction":[{"@type":"SearchAction","target":{"@type":"EntryPoint","urlTemplate":"https:\/\/www.bhg-for-children.com\/?s={search_term_string}"},"query-input":"required name=search_term_string"}],"inLanguage":"en-GB"}]}},"_links":{"self":[{"href":"https:\/\/www.bhg-for-children.com\/en\/wp-json\/wp\/v2\/pages\/6984","targetHints":{"allow":["GET"]}}],"collection":[{"href":"https:\/\/www.bhg-for-children.com\/en\/wp-json\/wp\/v2\/pages"}],"about":[{"href":"https:\/\/www.bhg-for-children.com\/en\/wp-json\/wp\/v2\/types\/page"}],"author":[{"embeddable":true,"href":"https:\/\/www.bhg-for-children.com\/en\/wp-json\/wp\/v2\/users\/1"}],"replies":[{"embeddable":true,"href":"https:\/\/www.bhg-for-children.com\/en\/wp-json\/wp\/v2\/comments?post=6984"}],"version-history":[{"count":1,"href":"https:\/\/www.bhg-for-children.com\/en\/wp-json\/wp\/v2\/pages\/6984\/revisions"}],"predecessor-version":[{"id":6985,"href":"https:\/\/www.bhg-for-children.com\/en\/wp-json\/wp\/v2\/pages\/6984\/revisions\/6985"}],"wp:attachment":[{"href":"https:\/\/www.bhg-for-children.com\/en\/wp-json\/wp\/v2\/media?parent=6984"}],"curies":[{"name":"wp","href":"https:\/\/api.w.org\/{rel}","templated":true}]}}