{"id":6601,"date":"2022-01-19T08:39:55","date_gmt":"2022-01-19T07:39:55","guid":{"rendered":"https:\/\/ibid.modeltheme.com\/antiques-collectibles\/?page_id=6313"},"modified":"2022-10-26T15:19:32","modified_gmt":"2022-10-26T13:19:32","slug":"conditions-generales-de-vente","status":"publish","type":"page","link":"https:\/\/www.bhg-for-children.com\/en\/conditions-generales-de-vente\/","title":{"rendered":"Conditions G\u00e9n\u00e9rales de Vente"},"content":{"rendered":"<p><\/p>\n\n\n\n<p>1.\u00a0\u00a0\u00a0\u00a0 Projet personnel\/priv\u00e9 dans le cadre de mon travail de maturit\u00e9.Il n\u2019y a aucune intention commerciale, ni de profit. L\u2019entier des sommes r\u00e9colt\u00e9es sera reverser \u00e0 l\u2019association pour l\u2019enfance \u00abTous Unis Pour l\u2019Enfance\u00bb.<br>\u00a0<br>2.\u00a0\u00a0\u00a0\u00a0 Ce site propose \u00e0 la vente des photos que mon grand-p\u00e8re a effectu\u00e9es lors de soir\u00e9es dans son \u00e9tablissement entre 1964 et 1989. Les photos quand elles n\u2019\u00e9taient pas prises par l\u2019un des serveurs sous contrat avec mon grand-p\u00e8re, mais par un photographe externe \u00e9tait pay\u00e9es et l\u2019entier des droits de reproduction ont \u00e9t\u00e9 r\u00e9gl\u00e9s \u00e0 l\u2019\u00e9poque. Elles ont d\u2019ailleurs d\u00e9j\u00e0 \u00e9t\u00e9 publi\u00e9es dans des brochures.<br>\u00a0<br>3.\u00a0\u00a0\u00a0\u00a0 Le paiement se fait sur le site internet www.bhg-for-children.com par l\u2019interm\u00e9diaire de la plateforme de paiement stripe et l\u2019enti\u00e8ret\u00e9 de la somme r\u00e9colt\u00e9e sera revers\u00e9e \u00e0 l\u2019association \u00abTous Unis Pour l\u2019Enfance\u00bb.<br>\u00a0<br>4.\u00a0\u00a0\u00a0\u00a0 Les photos une fois pay\u00e9es sont envoy\u00e9es \u00e0 l\u2019acheteur par courrier cartonn\u00e9 \u00e0 la charge du vendeur (qui prendra l\u2019entier des frais d\u2019exp\u00e9dition \u00e0 sa charge et qui ne d\u00e9duira pas les frais d\u2019envoi postaux de la somme revers\u00e9e \u00e0 l\u2019association).<br>\u00a0<br>5.\u00a0\u00a0\u00a0\u00a0 La\/les photo(s) est\/sont vendue(s) comme objet unique souvenir, mais ne comprend aucun droit de reproduction de l\u2019image \u00e0 des fins commerciales.<br>\u00a0<br>6.\u00a0\u00a0\u00a0\u00a0 L\u2019achat ne peut se faire que par l\u2019interm\u00e9diaire de la plateforme internet www.bhg-for-children.com cr\u00e9\u00e9 \u00e0 cet effet. La vente de chaque objet a une dur\u00e9e limit\u00e9e indiqu\u00e9e sur le site.<\/p>\n\n\n\n<p><\/p>\n\n\n\n<p><\/p>","protected":false},"excerpt":{"rendered":"<p>1.\u00a0\u00a0\u00a0\u00a0 Projet personnel\/priv\u00e9 dans le cadre de mon travail de maturit\u00e9.Il n\u2019y a aucune intention commerciale, ni de profit. L\u2019entier des sommes r\u00e9colt\u00e9es sera reverser \u00e0 l\u2019association pour l\u2019enfance \u00abTous Unis Pour l\u2019Enfance\u00bb.\u00a02.\u00a0\u00a0\u00a0\u00a0 Ce site propose \u00e0 la vente des photos que mon grand-p\u00e8re a effectu\u00e9es lors de soir\u00e9es dans son \u00e9tablissement entre 1964 et [&hellip;]<\/p>","protected":false},"author":1,"featured_media":0,"parent":0,"menu_order":0,"comment_status":"closed","ping_status":"closed","template":"","meta":{"inline_featured_image":false,"footnotes":""},"class_list":["post-6601","page","type-page","status-publish","hentry"],"yoast_head":"<!-- This site is optimized with the Yoast SEO plugin v19.12 - https:\/\/yoast.com\/wordpress\/plugins\/seo\/ -->\n<title>Conditions G\u00e9n\u00e9rales de Vente - BHG For Children Auction<\/title>\n<meta name=\"robots\" content=\"index, follow, max-snippet:-1, max-image-preview:large, max-video-preview:-1\" \/>\n<link rel=\"canonical\" href=\"https:\/\/www.bhg-for-children.com\/en\/conditions-generales-de-vente\/\" \/>\n<meta property=\"og:locale\" content=\"en_GB\" \/>\n<meta property=\"og:type\" content=\"article\" \/>\n<meta property=\"og:title\" content=\"Conditions G\u00e9n\u00e9rales de Vente - BHG For Children Auction\" \/>\n<meta property=\"og:description\" content=\"1.\u00a0\u00a0\u00a0\u00a0 Projet personnel\/priv\u00e9 dans le cadre de mon travail de maturit\u00e9.Il n\u2019y a aucune intention commerciale, ni de profit. L\u2019entier des sommes r\u00e9colt\u00e9es sera reverser \u00e0 l\u2019association pour l\u2019enfance \u00abTous Unis Pour l\u2019Enfance\u00bb.\u00a02.\u00a0\u00a0\u00a0\u00a0 Ce site propose \u00e0 la vente des photos que mon grand-p\u00e8re a effectu\u00e9es lors de soir\u00e9es dans son \u00e9tablissement entre 1964 et [&hellip;]\" \/>\n<meta property=\"og:url\" content=\"https:\/\/www.bhg-for-children.com\/en\/conditions-generales-de-vente\/\" \/>\n<meta property=\"og:site_name\" content=\"BHG For Children Auction\" \/>\n<meta property=\"article:modified_time\" content=\"2022-10-26T13:19:32+00:00\" \/>\n<meta name=\"twitter:card\" content=\"summary_large_image\" \/>\n<meta name=\"twitter:label1\" content=\"Estimated reading time\" \/>\n\t<meta name=\"twitter:data1\" content=\"1 minute\" \/>\n<script type=\"application\/ld+json\" class=\"yoast-schema-graph\">{\"@context\":\"https:\/\/schema.org\",\"@graph\":[{\"@type\":\"WebPage\",\"@id\":\"https:\/\/www.bhg-for-children.com\/conditions-generales-de-vente\/\",\"url\":\"https:\/\/www.bhg-for-children.com\/conditions-generales-de-vente\/\",\"name\":\"Conditions G\u00e9n\u00e9rales de Vente - BHG For Children Auction\",\"isPartOf\":{\"@id\":\"https:\/\/www.bhg-for-children.com\/#website\"},\"datePublished\":\"2022-01-19T07:39:55+00:00\",\"dateModified\":\"2022-10-26T13:19:32+00:00\",\"breadcrumb\":{\"@id\":\"https:\/\/www.bhg-for-children.com\/conditions-generales-de-vente\/#breadcrumb\"},\"inLanguage\":\"en-GB\",\"potentialAction\":[{\"@type\":\"ReadAction\",\"target\":[\"https:\/\/www.bhg-for-children.com\/conditions-generales-de-vente\/\"]}]},{\"@type\":\"BreadcrumbList\",\"@id\":\"https:\/\/www.bhg-for-children.com\/conditions-generales-de-vente\/#breadcrumb\",\"itemListElement\":[{\"@type\":\"ListItem\",\"position\":1,\"name\":\"Accueil\",\"item\":\"https:\/\/www.bhg-for-children.com\/\"},{\"@type\":\"ListItem\",\"position\":2,\"name\":\"Conditions G\u00e9n\u00e9rales de Vente\"}]},{\"@type\":\"WebSite\",\"@id\":\"https:\/\/www.bhg-for-children.com\/#website\",\"url\":\"https:\/\/www.bhg-for-children.com\/\",\"name\":\"BHG For Children Auction\",\"description\":\"Auction for children&#039;s rights\",\"potentialAction\":[{\"@type\":\"SearchAction\",\"target\":{\"@type\":\"EntryPoint\",\"urlTemplate\":\"https:\/\/www.bhg-for-children.com\/?s={search_term_string}\"},\"query-input\":\"required name=search_term_string\"}],\"inLanguage\":\"en-GB\"}]}<\/script>\n<!-- \/ Yoast SEO plugin. -->","yoast_head_json":{"title":"Conditions G\u00e9n\u00e9rales de Vente - BHG For Children Auction","robots":{"index":"index","follow":"follow","max-snippet":"max-snippet:-1","max-image-preview":"max-image-preview:large","max-video-preview":"max-video-preview:-1"},"canonical":"https:\/\/www.bhg-for-children.com\/en\/conditions-generales-de-vente\/","og_locale":"en_GB","og_type":"article","og_title":"Conditions G\u00e9n\u00e9rales de Vente - BHG For Children Auction","og_description":"1.\u00a0\u00a0\u00a0\u00a0 Projet personnel\/priv\u00e9 dans le cadre de mon travail de maturit\u00e9.Il n\u2019y a aucune intention commerciale, ni de profit. L\u2019entier des sommes r\u00e9colt\u00e9es sera reverser \u00e0 l\u2019association pour l\u2019enfance \u00abTous Unis Pour l\u2019Enfance\u00bb.\u00a02.\u00a0\u00a0\u00a0\u00a0 Ce site propose \u00e0 la vente des photos que mon grand-p\u00e8re a effectu\u00e9es lors de soir\u00e9es dans son \u00e9tablissement entre 1964 et [&hellip;]","og_url":"https:\/\/www.bhg-for-children.com\/en\/conditions-generales-de-vente\/","og_site_name":"BHG For Children Auction","article_modified_time":"2022-10-26T13:19:32+00:00","twitter_card":"summary_large_image","twitter_misc":{"Estimated reading time":"1 minute"},"schema":{"@context":"https:\/\/schema.org","@graph":[{"@type":"WebPage","@id":"https:\/\/www.bhg-for-children.com\/conditions-generales-de-vente\/","url":"https:\/\/www.bhg-for-children.com\/conditions-generales-de-vente\/","name":"Conditions G\u00e9n\u00e9rales de Vente - BHG For Children Auction","isPartOf":{"@id":"https:\/\/www.bhg-for-children.com\/#website"},"datePublished":"2022-01-19T07:39:55+00:00","dateModified":"2022-10-26T13:19:32+00:00","breadcrumb":{"@id":"https:\/\/www.bhg-for-children.com\/conditions-generales-de-vente\/#breadcrumb"},"inLanguage":"en-GB","potentialAction":[{"@type":"ReadAction","target":["https:\/\/www.bhg-for-children.com\/conditions-generales-de-vente\/"]}]},{"@type":"BreadcrumbList","@id":"https:\/\/www.bhg-for-children.com\/conditions-generales-de-vente\/#breadcrumb","itemListElement":[{"@type":"ListItem","position":1,"name":"Accueil","item":"https:\/\/www.bhg-for-children.com\/"},{"@type":"ListItem","position":2,"name":"Conditions G\u00e9n\u00e9rales de Vente"}]},{"@type":"WebSite","@id":"https:\/\/www.bhg-for-children.com\/#website","url":"https:\/\/www.bhg-for-children.com\/","name":"BHG For Children Auction","description":"Auction for children&#039;s rights","potentialAction":[{"@type":"SearchAction","target":{"@type":"EntryPoint","urlTemplate":"https:\/\/www.bhg-for-children.com\/?s={search_term_string}"},"query-input":"required name=search_term_string"}],"inLanguage":"en-GB"}]}},"_links":{"self":[{"href":"https:\/\/www.bhg-for-children.com\/en\/wp-json\/wp\/v2\/pages\/6601","targetHints":{"allow":["GET"]}}],"collection":[{"href":"https:\/\/www.bhg-for-children.com\/en\/wp-json\/wp\/v2\/pages"}],"about":[{"href":"https:\/\/www.bhg-for-children.com\/en\/wp-json\/wp\/v2\/types\/page"}],"author":[{"embeddable":true,"href":"https:\/\/www.bhg-for-children.com\/en\/wp-json\/wp\/v2\/users\/1"}],"replies":[{"embeddable":true,"href":"https:\/\/www.bhg-for-children.com\/en\/wp-json\/wp\/v2\/comments?post=6601"}],"version-history":[{"count":5,"href":"https:\/\/www.bhg-for-children.com\/en\/wp-json\/wp\/v2\/pages\/6601\/revisions"}],"predecessor-version":[{"id":6933,"href":"https:\/\/www.bhg-for-children.com\/en\/wp-json\/wp\/v2\/pages\/6601\/revisions\/6933"}],"wp:attachment":[{"href":"https:\/\/www.bhg-for-children.com\/en\/wp-json\/wp\/v2\/media?parent=6601"}],"curies":[{"name":"wp","href":"https:\/\/api.w.org\/{rel}","templated":true}]}}